{"id":442,"date":"2023-05-22T16:29:36","date_gmt":"2023-05-22T14:29:36","guid":{"rendered":"https:\/\/frenchwarehouse.fr\/produit\/poudre-nettoyante-douce-avec-2-recharges-4\/"},"modified":"2025-11-14T00:42:05","modified_gmt":"2025-11-13T23:42:05","slug":"poudre-nettoyante-douce-avec-2-recharges-4","status":"publish","type":"product","link":"https:\/\/frenchwarehouse.fr\/fr\/produit\/poudre-nettoyante-douce-avec-2-recharges-4\/","title":{"rendered":"Poudre nettoyante douce +2 recharges pomme"},"content":{"rendered":"","protected":false},"excerpt":{"rendered":"<p>1 flacon doseur (parfum vanille) + 2 recharges de poudre pomme<\/p>\n<p>Nettoyant doux mains, corps, cheveux, visage pouvant remplacer tous les produits de la salle de bain, adapt\u00e9 aux nourrissons, aux peaux sensibles, \u00e0 l&rsquo;ecz\u00e9ma et au psoriasis.\u00a0Utilisable \u00e9galement en savon \u00e0 raser, homme ou femme.<\/p>\n<p>1 flacon = 1 mois d&rsquo;utilisation pour une famille de 3 personnes<\/p>\n<p>Contenance flacon : 80g<\/p>\n<p>Ingr\u00e9dients poudre : Sodium cocoyl isethionate (nettoyant, moussant) \/ Amidon de ma\u00efs biologique (adoucissant, \u00e9paississant) \/ Gomme xanthane (agent de texture) \/ Poudre de banane biologique (nourrissant, filmog\u00e8ne) \/ Vanilline \/ Huile d&rsquo;amande<\/p>\n<p>DLU flacon : 36 mois apr\u00e8s fabrication<\/p>\n<p>Conservation recharges : 12 mois apr\u00e8s ouverture<\/p>\n<p>Voir le produit en vid\u00e9o :<br \/>\nhttps:\/\/qrco.de\/biolao<\/p>\n","protected":false},"featured_media":435,"comment_status":"open","ping_status":"closed","template":"","meta":[],"product_brand":[],"product_cat":[86],"product_tag":[],"class_list":{"0":"post-442","1":"product","2":"type-product","3":"status-publish","4":"has-post-thumbnail","6":"product_cat-hygiene-beaute","8":"first","9":"instock","10":"shipping-taxable","11":"purchasable","12":"product-type-simple"},"jetpack-related-posts":[],"jetpack_sharing_enabled":true,"_links":{"self":[{"href":"https:\/\/frenchwarehouse.fr\/fr\/wp-json\/wp\/v2\/product\/442","targetHints":{"allow":["GET"]}}],"collection":[{"href":"https:\/\/frenchwarehouse.fr\/fr\/wp-json\/wp\/v2\/product"}],"about":[{"href":"https:\/\/frenchwarehouse.fr\/fr\/wp-json\/wp\/v2\/types\/product"}],"replies":[{"embeddable":true,"href":"https:\/\/frenchwarehouse.fr\/fr\/wp-json\/wp\/v2\/comments?post=442"}],"wp:featuredmedia":[{"embeddable":true,"href":"https:\/\/frenchwarehouse.fr\/fr\/wp-json\/wp\/v2\/media\/435"}],"wp:attachment":[{"href":"https:\/\/frenchwarehouse.fr\/fr\/wp-json\/wp\/v2\/media?parent=442"}],"wp:term":[{"taxonomy":"product_brand","embeddable":true,"href":"https:\/\/frenchwarehouse.fr\/fr\/wp-json\/wp\/v2\/product_brand?post=442"},{"taxonomy":"product_cat","embeddable":true,"href":"https:\/\/frenchwarehouse.fr\/fr\/wp-json\/wp\/v2\/product_cat?post=442"},{"taxonomy":"product_tag","embeddable":true,"href":"https:\/\/frenchwarehouse.fr\/fr\/wp-json\/wp\/v2\/product_tag?post=442"}],"curies":[{"name":"wp","href":"https:\/\/api.w.org\/{rel}","templated":true}]}}