{"id":430,"date":"2023-05-22T16:06:28","date_gmt":"2023-05-22T14:06:28","guid":{"rendered":"https:\/\/frenchwarehouse.fr\/produit\/poudre-nettoyante-douce-1-baume-extra-nourrissant\/"},"modified":"2025-11-14T00:40:03","modified_gmt":"2025-11-13T23:40:03","slug":"poudre-nettoyante-douce-1-baume-extra-nourrissant","status":"publish","type":"product","link":"https:\/\/frenchwarehouse.fr\/fr\/produit\/poudre-nettoyante-douce-1-baume-extra-nourrissant\/","title":{"rendered":"Poudre nettoyante douce +Baume extra-nourrissant"},"content":{"rendered":"","protected":false},"excerpt":{"rendered":"<p>1 flacon doseur poudre nettoyante douce vanille (environ 90 lavages) mains, corps, cheveux, visage, adapt\u00e9 aux nourrissons, aux peaux sensibles, \u00e0 l&rsquo;ecz\u00e9ma et au psoriasis. Utilisable \u00e9galement en savon \u00e0 raser, homme ou femme.<\/p>\n<p>1 flacon = 1 mois d&rsquo;utilisation pour une famille de 3 personnes<\/p>\n<p>Contenance : 80g<\/p>\n<p>Ingr\u00e9dients : Sodium cocoyl isethionate (nettoyant, moussant) \/ Amidon de ma\u00efs biologique (adoucissant, \u00e9paississant) \/ Gomme xanthane (agent de texture) \/ Poudre de banane biologique (nourrissant, filmog\u00e8ne) \/ Vanilline \/ Huile d&rsquo;amande<\/p>\n<p>DLU : 36 mois apr\u00e8s fabrication<\/p>\n<p>&nbsp;<\/p>\n<p>1 baume 30mL extra-nourrissant, r\u00e9parateur et cicatrisant \u00e9liminant tous les tubes de cr\u00e8me de la maison. \u00c0 utiliser pur ou \u00e0 diluer avec huile ou huile + eau.<\/p>\n<p>Ingr\u00e9dients : Lanoline \/ Ar\u00f4me d&rsquo;amande am\u00e8re<\/p>\n<p>DLU : 24 mois<\/p>\n<p>DLUO : 12 mois<\/p>\n<p>&nbsp;<\/p>\n<p>Voir les produits en vid\u00e9o :<br \/>\n<a href=\"https:\/\/qrco.de\/biolao\">https:\/\/qrco.de\/biolao<\/a><\/p>\n","protected":false},"featured_media":425,"comment_status":"open","ping_status":"closed","template":"","meta":[],"product_brand":[],"product_cat":[86],"product_tag":[],"class_list":{"0":"post-430","1":"product","2":"type-product","3":"status-publish","4":"has-post-thumbnail","6":"product_cat-hygiene-beaute","8":"first","9":"instock","10":"shipping-taxable","11":"purchasable","12":"product-type-simple"},"jetpack-related-posts":[],"jetpack_sharing_enabled":true,"_links":{"self":[{"href":"https:\/\/frenchwarehouse.fr\/fr\/wp-json\/wp\/v2\/product\/430","targetHints":{"allow":["GET"]}}],"collection":[{"href":"https:\/\/frenchwarehouse.fr\/fr\/wp-json\/wp\/v2\/product"}],"about":[{"href":"https:\/\/frenchwarehouse.fr\/fr\/wp-json\/wp\/v2\/types\/product"}],"replies":[{"embeddable":true,"href":"https:\/\/frenchwarehouse.fr\/fr\/wp-json\/wp\/v2\/comments?post=430"}],"wp:featuredmedia":[{"embeddable":true,"href":"https:\/\/frenchwarehouse.fr\/fr\/wp-json\/wp\/v2\/media\/425"}],"wp:attachment":[{"href":"https:\/\/frenchwarehouse.fr\/fr\/wp-json\/wp\/v2\/media?parent=430"}],"wp:term":[{"taxonomy":"product_brand","embeddable":true,"href":"https:\/\/frenchwarehouse.fr\/fr\/wp-json\/wp\/v2\/product_brand?post=430"},{"taxonomy":"product_cat","embeddable":true,"href":"https:\/\/frenchwarehouse.fr\/fr\/wp-json\/wp\/v2\/product_cat?post=430"},{"taxonomy":"product_tag","embeddable":true,"href":"https:\/\/frenchwarehouse.fr\/fr\/wp-json\/wp\/v2\/product_tag?post=430"}],"curies":[{"name":"wp","href":"https:\/\/api.w.org\/{rel}","templated":true}]}}