{"id":35,"date":"2022-08-30T14:52:49","date_gmt":"2022-08-30T12:52:49","guid":{"rendered":"https:\/\/frenchwarehouse.fr\/?page_id=35"},"modified":"2024-09-11T09:39:19","modified_gmt":"2024-09-11T07:39:19","slug":"acceuil","status":"publish","type":"page","link":"https:\/\/frenchwarehouse.fr\/fr\/","title":{"rendered":"Accueil"},"content":{"rendered":"<p>Bienvenue chez French WareHouse, votre destination en ligne pour explorer l&rsquo;\u00e9l\u00e9gance intemporelle et l&rsquo;art de vivre \u00e0 la fran\u00e7aise. D\u00e9couvrez un univers raffin\u00e9 o\u00f9 le luxe se m\u00eale au savoir-faire artisanal pour cr\u00e9er une exp\u00e9rience in\u00e9gal\u00e9e, empreinte de la c\u00e9l\u00e8bre \u00ab\u00a0French Touch\u00a0\u00bb.<\/p>\n<p>Chez French WareHouse, nous s\u00e9lectionnons avec soin des produits qui incarnent l&rsquo;excellence fran\u00e7aise. De la haute gastronomie aux produits de beaut\u00e9 sophistiqu\u00e9s, chaque pi\u00e8ce que nous proposons raconte l&rsquo;histoire d&rsquo;une tradition artisanale unique, sublim\u00e9e par l&rsquo;innovation contemporaine.<\/p>\n<p>Nous mettons un point d&rsquo;honneur \u00e0 collaborer avec des artisans locaux qui partagent notre passion pour l&rsquo;excellence et la qualit\u00e9. Chaque achat que vous effectuez soutient ces cr\u00e9ateurs d&rsquo;exception et contribue \u00e0 perp\u00e9tuer le patrimoine culturel fran\u00e7ais.<\/p>\n<p>Chez French WareHouse, nous sommes d\u00e9di\u00e9s \u00e0 vous offrir une exp\u00e9rience d&rsquo;achat en ligne \u00e0 la hauteur de vos attentes. Profitez d&rsquo;une navigation fluide, d&rsquo;une livraison rapide et d&rsquo;un service client\u00e8le attentif, pr\u00eat \u00e0 r\u00e9pondre \u00e0 toutes vos questions pour vous garantir une satisfaction totale.<\/p>\n<p>Explorez notre site d\u00e8s maintenant et laissez-vous s\u00e9duire par l&rsquo;art de vivre \u00e0 la fran\u00e7aise. Votre voyage \u00e0 travers l&rsquo;excellence et le raffinement \u00e0 la fran\u00e7aise commence ici !<\/p>\n\n<div data-block-name=\"woocommerce\/product-best-sellers\" data-columns=\"4\" data-rows=\"2\" class=\"wc-block-grid wp-block-product-best-sellers wp-block-woocommerce-product-best-sellers wc-block-product-best-sellers has-4-columns has-multiple-rows\"><ul class=\"wc-block-grid__products\"><li class=\"wc-block-grid__product\">\n\t\t\t\t<a href=\"https:\/\/frenchwarehouse.fr\/fr\/produit\/poudre-nettoyante-douce-2-recharges-amande\/\" class=\"wc-block-grid__product-link\">\n\t\t\t\t\t\n\t\t\t\t\t<div class=\"wc-block-grid__product-image\"><img fetchpriority=\"high\" decoding=\"async\" width=\"300\" height=\"300\" src=\"https:\/\/i0.wp.com\/frenchwarehouse.fr\/wp-content\/uploads\/2023\/05\/2-1.png?resize=300%2C300&amp;ssl=1\" class=\"attachment-woocommerce_thumbnail size-woocommerce_thumbnail\" alt=\"Poudre nettoyante douce +2 recharges amande\" srcset=\"https:\/\/i0.wp.com\/frenchwarehouse.fr\/wp-content\/uploads\/2023\/05\/2-1.png?w=675&amp;ssl=1 675w, https:\/\/i0.wp.com\/frenchwarehouse.fr\/wp-content\/uploads\/2023\/05\/2-1.png?resize=300%2C300&amp;ssl=1 300w, https:\/\/i0.wp.com\/frenchwarehouse.fr\/wp-content\/uploads\/2023\/05\/2-1.png?resize=150%2C150&amp;ssl=1 150w, https:\/\/i0.wp.com\/frenchwarehouse.fr\/wp-content\/uploads\/2023\/05\/2-1.png?resize=600%2C600&amp;ssl=1 600w, https:\/\/i0.wp.com\/frenchwarehouse.fr\/wp-content\/uploads\/2023\/05\/2-1.png?resize=100%2C100&amp;ssl=1 100w\" sizes=\"100vw\" \/><\/div>\n\t\t\t\t\t<div class=\"wc-block-grid__product-title\">Poudre nettoyante douce +2 recharges amande<\/div>\n\t\t\t\t<\/a>\n\t\t\t\t<div class=\"wc-block-grid__product-price price\"><span class=\"woocommerce-Price-amount amount\">78,00&nbsp;<span class=\"woocommerce-Price-currencySymbol\">&euro;<\/span><\/span><\/div>\n\t\t\t\t\n\t\t\t\t<div class=\"wp-block-button wc-block-grid__product-add-to-cart\"><a href=\"\/fr\/wp-json\/wp\/v2\/pages\/35?add-to-cart=473\" aria-label=\"Ajouter au panier\u00a0: &ldquo;Poudre nettoyante douce +2 recharges amande&rdquo;\" data-quantity=\"1\" data-product_id=\"473\" data-product_sku=\"\" data-price=\"78\" rel=\"nofollow\" class=\"wp-block-button__link  add_to_cart_button ajax_add_to_cart\">Ajouter au panier<\/a><\/div>\n\t\t\t<\/li><li class=\"wc-block-grid__product\">\n\t\t\t\t<a href=\"https:\/\/frenchwarehouse.fr\/fr\/produit\/poudre-nettoyante-douce-avec-1-recharge-vanille-1-recharge-amande\/\" class=\"wc-block-grid__product-link\">\n\t\t\t\t\t\n\t\t\t\t\t<div class=\"wc-block-grid__product-image\"><img decoding=\"async\" width=\"300\" height=\"300\" src=\"https:\/\/i0.wp.com\/frenchwarehouse.fr\/wp-content\/uploads\/2023\/05\/3-2.png?resize=300%2C300&amp;ssl=1\" class=\"attachment-woocommerce_thumbnail size-woocommerce_thumbnail\" alt=\"Poudre nettoyante douce +recharge vanille&amp;amande\" srcset=\"https:\/\/i0.wp.com\/frenchwarehouse.fr\/wp-content\/uploads\/2023\/05\/3-2.png?w=675&amp;ssl=1 675w, https:\/\/i0.wp.com\/frenchwarehouse.fr\/wp-content\/uploads\/2023\/05\/3-2.png?resize=300%2C300&amp;ssl=1 300w, https:\/\/i0.wp.com\/frenchwarehouse.fr\/wp-content\/uploads\/2023\/05\/3-2.png?resize=150%2C150&amp;ssl=1 150w, https:\/\/i0.wp.com\/frenchwarehouse.fr\/wp-content\/uploads\/2023\/05\/3-2.png?resize=600%2C600&amp;ssl=1 600w, https:\/\/i0.wp.com\/frenchwarehouse.fr\/wp-content\/uploads\/2023\/05\/3-2.png?resize=100%2C100&amp;ssl=1 100w\" sizes=\"100vw\" \/><\/div>\n\t\t\t\t\t<div class=\"wc-block-grid__product-title\">Poudre nettoyante douce +recharge vanille&amp;amande<\/div>\n\t\t\t\t<\/a>\n\t\t\t\t<div class=\"wc-block-grid__product-price price\"><span class=\"woocommerce-Price-amount amount\">78,00&nbsp;<span class=\"woocommerce-Price-currencySymbol\">&euro;<\/span><\/span><\/div>\n\t\t\t\t\n\t\t\t\t<div class=\"wp-block-button wc-block-grid__product-add-to-cart\"><a href=\"\/fr\/wp-json\/wp\/v2\/pages\/35?add-to-cart=472\" aria-label=\"Ajouter au panier\u00a0: &ldquo;Poudre nettoyante douce +recharge vanille&amp;amande&rdquo;\" data-quantity=\"1\" data-product_id=\"472\" data-product_sku=\"\" data-price=\"78\" rel=\"nofollow\" class=\"wp-block-button__link  add_to_cart_button ajax_add_to_cart\">Ajouter au panier<\/a><\/div>\n\t\t\t<\/li><li class=\"wc-block-grid__product\">\n\t\t\t\t<a href=\"https:\/\/frenchwarehouse.fr\/fr\/produit\/poudre-nettoyante-douce-avec-1-recharge-vanille-1-recharge-pomme\/\" class=\"wc-block-grid__product-link\">\n\t\t\t\t\t\n\t\t\t\t\t<div class=\"wc-block-grid__product-image\"><img decoding=\"async\" width=\"300\" height=\"300\" src=\"https:\/\/i0.wp.com\/frenchwarehouse.fr\/wp-content\/uploads\/2023\/05\/5.png?resize=300%2C300&amp;ssl=1\" class=\"attachment-woocommerce_thumbnail size-woocommerce_thumbnail\" alt=\"Poudre nettoyante douce +recharge vanille &amp; pomme\" srcset=\"https:\/\/i0.wp.com\/frenchwarehouse.fr\/wp-content\/uploads\/2023\/05\/5.png?w=675&amp;ssl=1 675w, https:\/\/i0.wp.com\/frenchwarehouse.fr\/wp-content\/uploads\/2023\/05\/5.png?resize=300%2C300&amp;ssl=1 300w, https:\/\/i0.wp.com\/frenchwarehouse.fr\/wp-content\/uploads\/2023\/05\/5.png?resize=150%2C150&amp;ssl=1 150w, https:\/\/i0.wp.com\/frenchwarehouse.fr\/wp-content\/uploads\/2023\/05\/5.png?resize=600%2C600&amp;ssl=1 600w, https:\/\/i0.wp.com\/frenchwarehouse.fr\/wp-content\/uploads\/2023\/05\/5.png?resize=100%2C100&amp;ssl=1 100w\" sizes=\"100vw\" \/><\/div>\n\t\t\t\t\t<div class=\"wc-block-grid__product-title\">Poudre nettoyante douce +recharge vanille &amp; pomme<\/div>\n\t\t\t\t<\/a>\n\t\t\t\t<div class=\"wc-block-grid__product-price price\"><span class=\"woocommerce-Price-amount amount\">78,00&nbsp;<span class=\"woocommerce-Price-currencySymbol\">&euro;<\/span><\/span><\/div>\n\t\t\t\t\n\t\t\t\t<div class=\"wp-block-button wc-block-grid__product-add-to-cart\"><a href=\"\/fr\/wp-json\/wp\/v2\/pages\/35?add-to-cart=443\" aria-label=\"Ajouter au panier\u00a0: &ldquo;Poudre nettoyante douce +recharge vanille &amp; pomme&rdquo;\" data-quantity=\"1\" data-product_id=\"443\" data-product_sku=\"\" data-price=\"78\" rel=\"nofollow\" class=\"wp-block-button__link  add_to_cart_button ajax_add_to_cart\">Ajouter au panier<\/a><\/div>\n\t\t\t<\/li><li class=\"wc-block-grid__product\">\n\t\t\t\t<a href=\"https:\/\/frenchwarehouse.fr\/fr\/produit\/poudre-nettoyante-douce-avec-2-recharges-4\/\" class=\"wc-block-grid__product-link\">\n\t\t\t\t\t\n\t\t\t\t\t<div class=\"wc-block-grid__product-image\"><img loading=\"lazy\" decoding=\"async\" width=\"300\" height=\"300\" src=\"https:\/\/i0.wp.com\/frenchwarehouse.fr\/wp-content\/uploads\/2023\/05\/4.png?resize=300%2C300&amp;ssl=1\" class=\"attachment-woocommerce_thumbnail size-woocommerce_thumbnail\" alt=\"Poudre nettoyante douce +2 recharges pomme\" srcset=\"https:\/\/i0.wp.com\/frenchwarehouse.fr\/wp-content\/uploads\/2023\/05\/4.png?w=675&amp;ssl=1 675w, https:\/\/i0.wp.com\/frenchwarehouse.fr\/wp-content\/uploads\/2023\/05\/4.png?resize=300%2C300&amp;ssl=1 300w, https:\/\/i0.wp.com\/frenchwarehouse.fr\/wp-content\/uploads\/2023\/05\/4.png?resize=150%2C150&amp;ssl=1 150w, https:\/\/i0.wp.com\/frenchwarehouse.fr\/wp-content\/uploads\/2023\/05\/4.png?resize=600%2C600&amp;ssl=1 600w, https:\/\/i0.wp.com\/frenchwarehouse.fr\/wp-content\/uploads\/2023\/05\/4.png?resize=100%2C100&amp;ssl=1 100w\" sizes=\"100vw\" \/><\/div>\n\t\t\t\t\t<div class=\"wc-block-grid__product-title\">Poudre nettoyante douce +2 recharges pomme<\/div>\n\t\t\t\t<\/a>\n\t\t\t\t<div class=\"wc-block-grid__product-price price\"><span class=\"woocommerce-Price-amount amount\">78,00&nbsp;<span class=\"woocommerce-Price-currencySymbol\">&euro;<\/span><\/span><\/div>\n\t\t\t\t\n\t\t\t\t<div class=\"wp-block-button wc-block-grid__product-add-to-cart\"><a href=\"\/fr\/wp-json\/wp\/v2\/pages\/35?add-to-cart=442\" aria-label=\"Ajouter au panier\u00a0: &ldquo;Poudre nettoyante douce +2 recharges pomme&rdquo;\" data-quantity=\"1\" data-product_id=\"442\" data-product_sku=\"\" data-price=\"78\" rel=\"nofollow\" class=\"wp-block-button__link  add_to_cart_button ajax_add_to_cart\">Ajouter au panier<\/a><\/div>\n\t\t\t<\/li><li class=\"wc-block-grid__product\">\n\t\t\t\t<a href=\"https:\/\/frenchwarehouse.fr\/fr\/produit\/poudre-nettoyante-douce-avec-2-recharges-3\/\" class=\"wc-block-grid__product-link\">\n\t\t\t\t\t\n\t\t\t\t\t<div class=\"wc-block-grid__product-image\"><img loading=\"lazy\" decoding=\"async\" width=\"300\" height=\"300\" src=\"https:\/\/i0.wp.com\/frenchwarehouse.fr\/wp-content\/uploads\/2023\/05\/3-1.png?resize=300%2C300&amp;ssl=1\" class=\"attachment-woocommerce_thumbnail size-woocommerce_thumbnail\" alt=\"Poudre nettoyante douce +2 recharges vanille\" srcset=\"https:\/\/i0.wp.com\/frenchwarehouse.fr\/wp-content\/uploads\/2023\/05\/3-1.png?w=675&amp;ssl=1 675w, https:\/\/i0.wp.com\/frenchwarehouse.fr\/wp-content\/uploads\/2023\/05\/3-1.png?resize=300%2C300&amp;ssl=1 300w, https:\/\/i0.wp.com\/frenchwarehouse.fr\/wp-content\/uploads\/2023\/05\/3-1.png?resize=150%2C150&amp;ssl=1 150w, https:\/\/i0.wp.com\/frenchwarehouse.fr\/wp-content\/uploads\/2023\/05\/3-1.png?resize=600%2C600&amp;ssl=1 600w, https:\/\/i0.wp.com\/frenchwarehouse.fr\/wp-content\/uploads\/2023\/05\/3-1.png?resize=100%2C100&amp;ssl=1 100w\" sizes=\"100vw\" \/><\/div>\n\t\t\t\t\t<div class=\"wc-block-grid__product-title\">Poudre nettoyante douce +2 recharges vanille<\/div>\n\t\t\t\t<\/a>\n\t\t\t\t<div class=\"wc-block-grid__product-price price\"><span class=\"woocommerce-Price-amount amount\">78,00&nbsp;<span class=\"woocommerce-Price-currencySymbol\">&euro;<\/span><\/span><\/div>\n\t\t\t\t\n\t\t\t\t<div class=\"wp-block-button wc-block-grid__product-add-to-cart\"><a href=\"\/fr\/wp-json\/wp\/v2\/pages\/35?add-to-cart=441\" aria-label=\"Ajouter au panier\u00a0: &ldquo;Poudre nettoyante douce +2 recharges vanille&rdquo;\" data-quantity=\"1\" data-product_id=\"441\" data-product_sku=\"\" data-price=\"78\" rel=\"nofollow\" class=\"wp-block-button__link  add_to_cart_button ajax_add_to_cart\">Ajouter au panier<\/a><\/div>\n\t\t\t<\/li><li class=\"wc-block-grid__product\">\n\t\t\t\t<a href=\"https:\/\/frenchwarehouse.fr\/fr\/produit\/poudre-nettoyante-douce-avec-2-recharges-2\/\" class=\"wc-block-grid__product-link\">\n\t\t\t\t\t\n\t\t\t\t\t<div class=\"wc-block-grid__product-image\"><img loading=\"lazy\" decoding=\"async\" width=\"300\" height=\"300\" src=\"https:\/\/i0.wp.com\/frenchwarehouse.fr\/wp-content\/uploads\/2023\/05\/2.png?resize=300%2C300&amp;ssl=1\" class=\"attachment-woocommerce_thumbnail size-woocommerce_thumbnail\" alt=\"Poudre nettoyante douce +2 recharges fleur d&#039; oranger\" srcset=\"https:\/\/i0.wp.com\/frenchwarehouse.fr\/wp-content\/uploads\/2023\/05\/2.png?w=675&amp;ssl=1 675w, https:\/\/i0.wp.com\/frenchwarehouse.fr\/wp-content\/uploads\/2023\/05\/2.png?resize=300%2C300&amp;ssl=1 300w, https:\/\/i0.wp.com\/frenchwarehouse.fr\/wp-content\/uploads\/2023\/05\/2.png?resize=150%2C150&amp;ssl=1 150w, https:\/\/i0.wp.com\/frenchwarehouse.fr\/wp-content\/uploads\/2023\/05\/2.png?resize=600%2C600&amp;ssl=1 600w, https:\/\/i0.wp.com\/frenchwarehouse.fr\/wp-content\/uploads\/2023\/05\/2.png?resize=100%2C100&amp;ssl=1 100w\" sizes=\"100vw\" \/><\/div>\n\t\t\t\t\t<div class=\"wc-block-grid__product-title\">Poudre nettoyante douce +2 recharges fleur d&rsquo; oranger<\/div>\n\t\t\t\t<\/a>\n\t\t\t\t<div class=\"wc-block-grid__product-price price\"><span class=\"woocommerce-Price-amount amount\">78,00&nbsp;<span class=\"woocommerce-Price-currencySymbol\">&euro;<\/span><\/span><\/div>\n\t\t\t\t\n\t\t\t\t<div class=\"wp-block-button wc-block-grid__product-add-to-cart\"><a href=\"\/fr\/wp-json\/wp\/v2\/pages\/35?add-to-cart=440\" aria-label=\"Ajouter au panier\u00a0: &ldquo;Poudre nettoyante douce +2 recharges fleur d&#039; oranger&rdquo;\" data-quantity=\"1\" data-product_id=\"440\" data-product_sku=\"\" data-price=\"78\" rel=\"nofollow\" class=\"wp-block-button__link  add_to_cart_button ajax_add_to_cart\">Ajouter au panier<\/a><\/div>\n\t\t\t<\/li><li class=\"wc-block-grid__product\">\n\t\t\t\t<a href=\"https:\/\/frenchwarehouse.fr\/fr\/produit\/poudre-nettoyante-douce-1-baume-extra-nourrissant\/\" class=\"wc-block-grid__product-link\">\n\t\t\t\t\t\n\t\t\t\t\t<div class=\"wc-block-grid__product-image\"><img loading=\"lazy\" decoding=\"async\" width=\"300\" height=\"300\" src=\"https:\/\/i0.wp.com\/frenchwarehouse.fr\/wp-content\/uploads\/2023\/05\/1.png?resize=300%2C300&amp;ssl=1\" class=\"attachment-woocommerce_thumbnail size-woocommerce_thumbnail\" alt=\"Poudre nettoyante douce +Baume extra-nourrissant\" srcset=\"https:\/\/i0.wp.com\/frenchwarehouse.fr\/wp-content\/uploads\/2023\/05\/1.png?w=1080&amp;ssl=1 1080w, https:\/\/i0.wp.com\/frenchwarehouse.fr\/wp-content\/uploads\/2023\/05\/1.png?resize=300%2C300&amp;ssl=1 300w, https:\/\/i0.wp.com\/frenchwarehouse.fr\/wp-content\/uploads\/2023\/05\/1.png?resize=1024%2C1024&amp;ssl=1 1024w, https:\/\/i0.wp.com\/frenchwarehouse.fr\/wp-content\/uploads\/2023\/05\/1.png?resize=150%2C150&amp;ssl=1 150w, https:\/\/i0.wp.com\/frenchwarehouse.fr\/wp-content\/uploads\/2023\/05\/1.png?resize=768%2C768&amp;ssl=1 768w, https:\/\/i0.wp.com\/frenchwarehouse.fr\/wp-content\/uploads\/2023\/05\/1.png?resize=600%2C600&amp;ssl=1 600w, https:\/\/i0.wp.com\/frenchwarehouse.fr\/wp-content\/uploads\/2023\/05\/1.png?resize=100%2C100&amp;ssl=1 100w, https:\/\/i0.wp.com\/frenchwarehouse.fr\/wp-content\/uploads\/2023\/05\/1.png?resize=800%2C800&amp;ssl=1 800w\" sizes=\"100vw\" \/><\/div>\n\t\t\t\t\t<div class=\"wc-block-grid__product-title\">Poudre nettoyante douce +Baume extra-nourrissant<\/div>\n\t\t\t\t<\/a>\n\t\t\t\t<div class=\"wc-block-grid__product-price price\"><span class=\"woocommerce-Price-amount amount\">59,00&nbsp;<span class=\"woocommerce-Price-currencySymbol\">&euro;<\/span><\/span><\/div>\n\t\t\t\t\n\t\t\t\t<div class=\"wp-block-button wc-block-grid__product-add-to-cart\"><a href=\"\/fr\/wp-json\/wp\/v2\/pages\/35?add-to-cart=430\" aria-label=\"Ajouter au panier\u00a0: &ldquo;Poudre nettoyante douce +Baume extra-nourrissant&rdquo;\" data-quantity=\"1\" data-product_id=\"430\" data-product_sku=\"\" data-price=\"59\" rel=\"nofollow\" class=\"wp-block-button__link  add_to_cart_button ajax_add_to_cart\">Ajouter au panier<\/a><\/div>\n\t\t\t<\/li><li class=\"wc-block-grid__product\">\n\t\t\t\t<a href=\"https:\/\/frenchwarehouse.fr\/fr\/produit\/poudre-nettoyante-douce-avec-2-recharges\/\" class=\"wc-block-grid__product-link\">\n\t\t\t\t\t\n\t\t\t\t\t<div class=\"wc-block-grid__product-image\"><img loading=\"lazy\" decoding=\"async\" width=\"300\" height=\"300\" src=\"https:\/\/i0.wp.com\/frenchwarehouse.fr\/wp-content\/uploads\/2023\/05\/3.png?resize=300%2C300&amp;ssl=1\" class=\"attachment-woocommerce_thumbnail size-woocommerce_thumbnail\" alt=\"Poudre nettoyante +recharge vanille &amp; fleur d&#039; oranger\" srcset=\"https:\/\/i0.wp.com\/frenchwarehouse.fr\/wp-content\/uploads\/2023\/05\/3.png?w=1080&amp;ssl=1 1080w, https:\/\/i0.wp.com\/frenchwarehouse.fr\/wp-content\/uploads\/2023\/05\/3.png?resize=300%2C300&amp;ssl=1 300w, https:\/\/i0.wp.com\/frenchwarehouse.fr\/wp-content\/uploads\/2023\/05\/3.png?resize=1024%2C1024&amp;ssl=1 1024w, https:\/\/i0.wp.com\/frenchwarehouse.fr\/wp-content\/uploads\/2023\/05\/3.png?resize=150%2C150&amp;ssl=1 150w, https:\/\/i0.wp.com\/frenchwarehouse.fr\/wp-content\/uploads\/2023\/05\/3.png?resize=768%2C768&amp;ssl=1 768w, https:\/\/i0.wp.com\/frenchwarehouse.fr\/wp-content\/uploads\/2023\/05\/3.png?resize=600%2C600&amp;ssl=1 600w, https:\/\/i0.wp.com\/frenchwarehouse.fr\/wp-content\/uploads\/2023\/05\/3.png?resize=100%2C100&amp;ssl=1 100w, https:\/\/i0.wp.com\/frenchwarehouse.fr\/wp-content\/uploads\/2023\/05\/3.png?resize=800%2C800&amp;ssl=1 800w\" sizes=\"100vw\" \/><\/div>\n\t\t\t\t\t<div class=\"wc-block-grid__product-title\">Poudre nettoyante +recharge vanille &amp; fleur d&rsquo; oranger<\/div>\n\t\t\t\t<\/a>\n\t\t\t\t<div class=\"wc-block-grid__product-price price\"><span class=\"woocommerce-Price-amount amount\">78,00&nbsp;<span class=\"woocommerce-Price-currencySymbol\">&euro;<\/span><\/span><\/div>\n\t\t\t\t\n\t\t\t\t<div class=\"wp-block-button wc-block-grid__product-add-to-cart\"><a href=\"\/fr\/wp-json\/wp\/v2\/pages\/35?add-to-cart=429\" aria-label=\"Ajouter au panier\u00a0: &ldquo;Poudre nettoyante +recharge vanille &amp; fleur d&#039; oranger&rdquo;\" data-quantity=\"1\" data-product_id=\"429\" data-product_sku=\"\" data-price=\"78\" rel=\"nofollow\" class=\"wp-block-button__link  add_to_cart_button ajax_add_to_cart\">Ajouter au panier<\/a><\/div>\n\t\t\t<\/li><\/ul><\/div>","protected":false},"excerpt":{"rendered":"<p>Bienvenue chez French WareHouse, votre destination en ligne pour explorer l&rsquo;\u00e9l\u00e9gance intemporelle et l&rsquo;art de vivre \u00e0 la fran\u00e7aise. D\u00e9couvrez un univers raffin\u00e9 o\u00f9 le luxe se m\u00eale au savoir-faire artisanal pour cr\u00e9er une exp\u00e9rience in\u00e9gal\u00e9e, empreinte de la c\u00e9l\u00e8bre \u00ab\u00a0French Touch\u00a0\u00bb. Chez French WareHouse, nous s\u00e9lectionnons avec soin des produits qui incarnent l&rsquo;excellence fran\u00e7aise. &hellip; <\/p>\n<p class=\"link-more\"><a href=\"https:\/\/frenchwarehouse.fr\/fr\/\" class=\"more-link\">Lire la suite de<span class=\"screen-reader-text\">\u00ab\u00a0Accueil\u00a0\u00bb<\/span><\/a><\/p>\n","protected":false},"author":1,"featured_media":0,"parent":0,"menu_order":0,"comment_status":"closed","ping_status":"closed","template":"","meta":{"inspiro_hide_title":false,"footnotes":""},"class_list":["post-35","page","type-page","status-publish","hentry"],"jetpack-related-posts":[],"jetpack_sharing_enabled":true,"_links":{"self":[{"href":"https:\/\/frenchwarehouse.fr\/fr\/wp-json\/wp\/v2\/pages\/35","targetHints":{"allow":["GET"]}}],"collection":[{"href":"https:\/\/frenchwarehouse.fr\/fr\/wp-json\/wp\/v2\/pages"}],"about":[{"href":"https:\/\/frenchwarehouse.fr\/fr\/wp-json\/wp\/v2\/types\/page"}],"author":[{"embeddable":true,"href":"https:\/\/frenchwarehouse.fr\/fr\/wp-json\/wp\/v2\/users\/1"}],"replies":[{"embeddable":true,"href":"https:\/\/frenchwarehouse.fr\/fr\/wp-json\/wp\/v2\/comments?post=35"}],"version-history":[{"count":26,"href":"https:\/\/frenchwarehouse.fr\/fr\/wp-json\/wp\/v2\/pages\/35\/revisions"}],"predecessor-version":[{"id":951,"href":"https:\/\/frenchwarehouse.fr\/fr\/wp-json\/wp\/v2\/pages\/35\/revisions\/951"}],"wp:attachment":[{"href":"https:\/\/frenchwarehouse.fr\/fr\/wp-json\/wp\/v2\/media?parent=35"}],"curies":[{"name":"wp","href":"https:\/\/api.w.org\/{rel}","templated":true}]}}